{"id":6488,"date":"2016-04-04T16:11:16","date_gmt":"2016-04-04T23:11:16","guid":{"rendered":"https:\/\/3vinos.masclientes2.com\/es\/?page_id=6488"},"modified":"2024-03-07T18:30:01","modified_gmt":"2024-03-08T02:30:01","slug":"sobre-nosotros","status":"publish","type":"page","link":"https:\/\/3vinos.com\/es\/sobre-nosotros\/","title":{"rendered":"Sobre nosotros"},"content":{"rendered":"[vc_row type=\u00bbin_container\u00bb full_screen_row_position=\u00bbmiddle\u00bb scene_position=\u00bbcenter\u00bb text_color=\u00bbdark\u00bb text_align=\u00bbleft\u00bb overlay_strength=\u00bb0.3&#8243; shape_divider_position=\u00bbbottom\u00bb][vc_column centered_text=\u00bbtrue\u00bb column_padding=\u00bbno-extra-padding\u00bb column_padding_position=\u00bball\u00bb background_color_opacity=\u00bb1&#8243; background_hover_color_opacity=\u00bb1&#8243; column_shadow=\u00bbnone\u00bb column_border_radius=\u00bbnone\u00bb width=\u00bb1\/1&#8243; tablet_text_alignment=\u00bbdefault\u00bb phone_text_alignment=\u00bbdefault\u00bb column_border_width=\u00bbnone\u00bb column_border_style=\u00bbsolid\u00bb][vc_column_text]\n<h1>Vestimenta Requerida<\/h1>\n<p>TRENDY \/ FASHIONABLE ATTIRE<br \/>\nNO COVER CHARGE BEFORE 9:30PM[\/vc_column_text][divider line_type=\u00bbFull Width Line\u00bb line_thickness=\u00bb2&#8243; divider_color=\u00bbdefault\u00bb custom_height=\u00bb25&#8243;][\/vc_column][\/vc_row][vc_row type=\u00bbin_container\u00bb full_screen_row_position=\u00bbmiddle\u00bb scene_position=\u00bbcenter\u00bb text_color=\u00bbdark\u00bb text_align=\u00bbleft\u00bb overlay_strength=\u00bb0.3&#8243; shape_divider_position=\u00bbbottom\u00bb][vc_column column_padding=\u00bbno-extra-padding\u00bb column_padding_position=\u00bball\u00bb background_color_opacity=\u00bb1&#8243; background_hover_color_opacity=\u00bb1&#8243; column_shadow=\u00bbnone\u00bb column_border_radius=\u00bbnone\u00bb width=\u00bb1\/3&#8243; tablet_text_alignment=\u00bbdefault\u00bb phone_text_alignment=\u00bbdefault\u00bb column_border_width=\u00bbnone\u00bb column_border_style=\u00bbsolid\u00bb][vc_column_text]\n<ul>\n<li>NO BEANIES OR BASEBALL CAPS<\/li>\n<li>NO SPORTS ATTIRE<\/li>\n<li>NO BAGGY CLOTHING<\/li>\n<li>NO FLIP FLOPS<\/li>\n<\/ul>\n[\/vc_column_text][\/vc_column][vc_column column_padding=\u00bbno-extra-padding\u00bb column_padding_position=\u00bball\u00bb background_color_opacity=\u00bb1&#8243; background_hover_color_opacity=\u00bb1&#8243; column_shadow=\u00bbnone\u00bb column_border_radius=\u00bbnone\u00bb width=\u00bb1\/3&#8243; tablet_text_alignment=\u00bbdefault\u00bb phone_text_alignment=\u00bbdefault\u00bb column_border_width=\u00bbnone\u00bb column_border_style=\u00bbsolid\u00bb][vc_column_text]\n<ul>\n<li>NO HOODIES<\/li>\n<li>NO THERMAL\u2019S,FLANNEL\u2019S<\/li>\n<li>NO FLANNEL LIKE SHIRTS<\/li>\n<li>NO WORK BOOTS<\/li>\n<\/ul>\n[\/vc_column_text][\/vc_column][vc_column column_padding=\u00bbno-extra-padding\u00bb column_padding_position=\u00bball\u00bb background_color_opacity=\u00bb1&#8243; background_hover_color_opacity=\u00bb1&#8243; column_shadow=\u00bbnone\u00bb column_border_radius=\u00bbnone\u00bb width=\u00bb1\/3&#8243; tablet_text_alignment=\u00bbdefault\u00bb phone_text_alignment=\u00bbdefault\u00bb column_border_width=\u00bbnone\u00bb column_border_style=\u00bbsolid\u00bb][vc_column_text]\n<ul>\n<li>NO SHORTS (MEN)<\/li>\n<li>COLLARED SHIRTS REQUIRED<\/li>\n<li>NO T-SHIRTS (PLAIN OR GRAPHIC)<\/li>\n<\/ul>\n[\/vc_column_text][\/vc_column][\/vc_row][vc_row type=\u00bbin_container\u00bb full_screen_row_position=\u00bbmiddle\u00bb scene_position=\u00bbcenter\u00bb text_color=\u00bbdark\u00bb text_align=\u00bbleft\u00bb overlay_strength=\u00bb0.3&#8243; shape_divider_position=\u00bbbottom\u00bb][vc_column centered_text=\u00bbtrue\u00bb column_padding=\u00bbno-extra-padding\u00bb column_padding_position=\u00bball\u00bb background_color_opacity=\u00bb1&#8243; background_hover_color_opacity=\u00bb1&#8243; column_shadow=\u00bbnone\u00bb column_border_radius=\u00bbnone\u00bb width=\u00bb1\/1&#8243; tablet_text_alignment=\u00bbdefault\u00bb phone_text_alignment=\u00bbdefault\u00bb column_border_width=\u00bbnone\u00bb column_border_style=\u00bbsolid\u00bb][vc_column_text]<strong>ENTRY IS CONDITIONAL UPON MANAGER\u2019S DISCRETION<\/strong><br \/>\nPlease Note: Plaid dress shirts will need to be further inspected by manager to confirm that dress code is being met.[\/vc_column_text][\/vc_column][\/vc_row][vc_row type=\u00bbfull_width_background\u00bb full_screen_row_position=\u00bbmiddle\u00bb scene_position=\u00bbcenter\u00bb text_color=\u00bblight\u00bb text_align=\u00bbleft\u00bb top_padding=\u00bb3%\u00bb bottom_padding=\u00bb3%\u00bb overlay_strength=\u00bb0.3&#8243; shape_divider_position=\u00bbbottom\u00bb shape_type=\u00bb\u00bb][vc_column column_padding=\u00bbpadding-2-percent\u00bb column_padding_position=\u00bball\u00bb background_color_opacity=\u00bb1&#8243; background_hover_color_opacity=\u00bb1&#8243; font_color=\u00bb#ffffff\u00bb column_shadow=\u00bbnone\u00bb column_border_radius=\u00bbnone\u00bb width=\u00bb1\/1&#8243; tablet_text_alignment=\u00bbdefault\u00bb phone_text_alignment=\u00bbdefault\u00bb column_border_width=\u00bbnone\u00bb column_border_style=\u00bbsolid\u00bb][vc_row_inner column_margin=\u00bbdefault\u00bb text_align=\u00bbleft\u00bb][vc_column_inner column_padding=\u00bbpadding-2-percent\u00bb column_padding_position=\u00bball\u00bb background_color_opacity=\u00bb1&#8243; background_hover_color_opacity=\u00bb1&#8243; column_shadow=\u00bbnone\u00bb column_border_radius=\u00bbnone\u00bb width=\u00bb1\/2&#8243; column_border_width=\u00bbnone\u00bb column_border_style=\u00bbsolid\u00bb][vc_column_text]\n<h4>Acerca de nosotros<\/h4>\n<hr \/>\n<p>Estamos situados en uno de los edificios hist\u00f3ricos m\u00e1s antiguos del Valle de San Gabriel, completamente restaurado para realzar m\u00e1s su hermosa arquitectura, dise\u00f1o cl\u00e1sico y \u00fanico.<\/p>\n<p>Para mantener la atm\u00f3sfera positiva y energ\u00e9tica que posee, tenemos un c\u00f3digo de vestimenta elegante y moderno. As\u00ed que, invito a todos mis amigos, a que vengan a cenar &#8230; a tomar una copa &#8230; a bailar &#8230; y, sobre todo, los invito \u00a1a disfrutar y divertirse a lo grande![\/vc_column_text][\/vc_column_inner][vc_column_inner column_padding=\u00bbno-extra-padding\u00bb column_padding_position=\u00bball\u00bb background_color_opacity=\u00bb1&#8243; background_hover_color_opacity=\u00bb1&#8243; column_shadow=\u00bbnone\u00bb column_border_radius=\u00bbnone\u00bb width=\u00bb1\/2&#8243; column_border_width=\u00bbnone\u00bb column_border_style=\u00bbsolid\u00bb][vc_gallery type=\u00bbflexslider_style\u00bb images=\u00bb7580,7582,7584,6443&#8243; onclick=\u00bblink_no\u00bb][\/vc_column_inner][\/vc_row_inner][\/vc_column][\/vc_row]\n","protected":false},"excerpt":{"rendered":"<p>[vc_row type=\u00bbin_container\u00bb full_screen_row_position=\u00bbmiddle\u00bb scene_position=\u00bbcenter\u00bb text_color=\u00bbdark\u00bb text_align=\u00bbleft\u00bb overlay_strength=\u00bb0.3&#8243; shape_divider_position=\u00bbbottom\u00bb][vc_column centered_text=\u00bbtrue\u00bb column_padding=\u00bbno-extra-padding\u00bb column_padding_position=\u00bball\u00bb background_color_opacity=\u00bb1&#8243; background_hover_color_opacity=\u00bb1&#8243; column_shadow=\u00bbnone\u00bb column_border_radius=\u00bbnone\u00bb width=\u00bb1\/1&#8243; tablet_text_alignment=\u00bbdefault\u00bb phone_text_alignment=\u00bbdefault\u00bb column_border_width=\u00bbnone\u00bb column_border_style=\u00bbsolid\u00bb][vc_column_text] Vestimenta Requerida TRENDY \/ FASHIONABLE ATTIRE NO COVER CHARGE BEFORE&#8230;<\/p>\n","protected":false},"author":1,"featured_media":0,"parent":0,"menu_order":0,"comment_status":"closed","ping_status":"closed","template":"","meta":{"footnotes":""},"yoast_head":"<!-- This site is optimized with the Yoast SEO plugin v24.5 - https:\/\/yoast.com\/wordpress\/plugins\/seo\/ -->\n<title>Sobre nosotros - 3 Vinos Restaurant &amp; Nightclub<\/title>\n<meta name=\"robots\" content=\"index, follow, max-snippet:-1, max-image-preview:large, max-video-preview:-1\" \/>\n<link rel=\"canonical\" href=\"https:\/\/3vinos.com\/es\/sobre-nosotros\/\" \/>\n<meta property=\"og:locale\" content=\"es_ES\" \/>\n<meta property=\"og:type\" content=\"article\" \/>\n<meta property=\"og:title\" content=\"Sobre nosotros - 3 Vinos Restaurant &amp; Nightclub\" \/>\n<meta property=\"og:description\" content=\"[vc_row type=\u00bbin_container\u00bb full_screen_row_position=\u00bbmiddle\u00bb scene_position=\u00bbcenter\u00bb text_color=\u00bbdark\u00bb text_align=\u00bbleft\u00bb overlay_strength=\u00bb0.3&#8243; shape_divider_position=\u00bbbottom\u00bb][vc_column centered_text=\u00bbtrue\u00bb column_padding=\u00bbno-extra-padding\u00bb column_padding_position=\u00bball\u00bb background_color_opacity=\u00bb1&#8243; background_hover_color_opacity=\u00bb1&#8243; column_shadow=\u00bbnone\u00bb column_border_radius=\u00bbnone\u00bb width=\u00bb1\/1&#8243; tablet_text_alignment=\u00bbdefault\u00bb phone_text_alignment=\u00bbdefault\u00bb column_border_width=\u00bbnone\u00bb column_border_style=\u00bbsolid\u00bb][vc_column_text] Vestimenta Requerida TRENDY \/ FASHIONABLE ATTIRE NO COVER CHARGE BEFORE...\" \/>\n<meta property=\"og:url\" content=\"https:\/\/3vinos.com\/es\/sobre-nosotros\/\" \/>\n<meta property=\"og:site_name\" content=\"3 Vinos Restaurant &amp; Nightclub\" \/>\n<meta property=\"article:modified_time\" content=\"2024-03-08T02:30:01+00:00\" \/>\n<meta name=\"twitter:card\" content=\"summary_large_image\" \/>\n<meta name=\"twitter:label1\" content=\"Tiempo de lectura\" \/>\n\t<meta name=\"twitter:data1\" content=\"3 minutos\" \/>\n<script type=\"application\/ld+json\" class=\"yoast-schema-graph\">{\"@context\":\"https:\/\/schema.org\",\"@graph\":[{\"@type\":\"WebPage\",\"@id\":\"https:\/\/3vinos.com\/es\/sobre-nosotros\/\",\"url\":\"https:\/\/3vinos.com\/es\/sobre-nosotros\/\",\"name\":\"Sobre nosotros - 3 Vinos Restaurant &amp; Nightclub\",\"isPartOf\":{\"@id\":\"https:\/\/3vinos.com\/es\/#website\"},\"datePublished\":\"2016-04-04T23:11:16+00:00\",\"dateModified\":\"2024-03-08T02:30:01+00:00\",\"breadcrumb\":{\"@id\":\"https:\/\/3vinos.com\/es\/sobre-nosotros\/#breadcrumb\"},\"inLanguage\":\"es\",\"potentialAction\":[{\"@type\":\"ReadAction\",\"target\":[\"https:\/\/3vinos.com\/es\/sobre-nosotros\/\"]}]},{\"@type\":\"BreadcrumbList\",\"@id\":\"https:\/\/3vinos.com\/es\/sobre-nosotros\/#breadcrumb\",\"itemListElement\":[{\"@type\":\"ListItem\",\"position\":1,\"name\":\"Home\",\"item\":\"https:\/\/3vinos.com\/es\/\"},{\"@type\":\"ListItem\",\"position\":2,\"name\":\"Sobre nosotros\"}]},{\"@type\":\"WebSite\",\"@id\":\"https:\/\/3vinos.com\/es\/#website\",\"url\":\"https:\/\/3vinos.com\/es\/\",\"name\":\"3 Vinos Restaurant &amp; Nightclub\",\"description\":\"Just another Mas Clientes Bilingual site\",\"potentialAction\":[{\"@type\":\"SearchAction\",\"target\":{\"@type\":\"EntryPoint\",\"urlTemplate\":\"https:\/\/3vinos.com\/es\/?s={search_term_string}\"},\"query-input\":{\"@type\":\"PropertyValueSpecification\",\"valueRequired\":true,\"valueName\":\"search_term_string\"}}],\"inLanguage\":\"es\"}]}<\/script>\n<!-- \/ Yoast SEO plugin. -->","yoast_head_json":{"title":"Sobre nosotros - 3 Vinos Restaurant &amp; Nightclub","robots":{"index":"index","follow":"follow","max-snippet":"max-snippet:-1","max-image-preview":"max-image-preview:large","max-video-preview":"max-video-preview:-1"},"canonical":"https:\/\/3vinos.com\/es\/sobre-nosotros\/","og_locale":"es_ES","og_type":"article","og_title":"Sobre nosotros - 3 Vinos Restaurant &amp; Nightclub","og_description":"[vc_row type=\u00bbin_container\u00bb full_screen_row_position=\u00bbmiddle\u00bb scene_position=\u00bbcenter\u00bb text_color=\u00bbdark\u00bb text_align=\u00bbleft\u00bb overlay_strength=\u00bb0.3&#8243; shape_divider_position=\u00bbbottom\u00bb][vc_column centered_text=\u00bbtrue\u00bb column_padding=\u00bbno-extra-padding\u00bb column_padding_position=\u00bball\u00bb background_color_opacity=\u00bb1&#8243; background_hover_color_opacity=\u00bb1&#8243; column_shadow=\u00bbnone\u00bb column_border_radius=\u00bbnone\u00bb width=\u00bb1\/1&#8243; tablet_text_alignment=\u00bbdefault\u00bb phone_text_alignment=\u00bbdefault\u00bb column_border_width=\u00bbnone\u00bb column_border_style=\u00bbsolid\u00bb][vc_column_text] Vestimenta Requerida TRENDY \/ FASHIONABLE ATTIRE NO COVER CHARGE BEFORE...","og_url":"https:\/\/3vinos.com\/es\/sobre-nosotros\/","og_site_name":"3 Vinos Restaurant &amp; Nightclub","article_modified_time":"2024-03-08T02:30:01+00:00","twitter_card":"summary_large_image","twitter_misc":{"Tiempo de lectura":"3 minutos"},"schema":{"@context":"https:\/\/schema.org","@graph":[{"@type":"WebPage","@id":"https:\/\/3vinos.com\/es\/sobre-nosotros\/","url":"https:\/\/3vinos.com\/es\/sobre-nosotros\/","name":"Sobre nosotros - 3 Vinos Restaurant &amp; Nightclub","isPartOf":{"@id":"https:\/\/3vinos.com\/es\/#website"},"datePublished":"2016-04-04T23:11:16+00:00","dateModified":"2024-03-08T02:30:01+00:00","breadcrumb":{"@id":"https:\/\/3vinos.com\/es\/sobre-nosotros\/#breadcrumb"},"inLanguage":"es","potentialAction":[{"@type":"ReadAction","target":["https:\/\/3vinos.com\/es\/sobre-nosotros\/"]}]},{"@type":"BreadcrumbList","@id":"https:\/\/3vinos.com\/es\/sobre-nosotros\/#breadcrumb","itemListElement":[{"@type":"ListItem","position":1,"name":"Home","item":"https:\/\/3vinos.com\/es\/"},{"@type":"ListItem","position":2,"name":"Sobre nosotros"}]},{"@type":"WebSite","@id":"https:\/\/3vinos.com\/es\/#website","url":"https:\/\/3vinos.com\/es\/","name":"3 Vinos Restaurant &amp; Nightclub","description":"Just another Mas Clientes Bilingual site","potentialAction":[{"@type":"SearchAction","target":{"@type":"EntryPoint","urlTemplate":"https:\/\/3vinos.com\/es\/?s={search_term_string}"},"query-input":{"@type":"PropertyValueSpecification","valueRequired":true,"valueName":"search_term_string"}}],"inLanguage":"es"}]}},"_links":{"self":[{"href":"https:\/\/3vinos.com\/es\/wp-json\/wp\/v2\/pages\/6488"}],"collection":[{"href":"https:\/\/3vinos.com\/es\/wp-json\/wp\/v2\/pages"}],"about":[{"href":"https:\/\/3vinos.com\/es\/wp-json\/wp\/v2\/types\/page"}],"author":[{"embeddable":true,"href":"https:\/\/3vinos.com\/es\/wp-json\/wp\/v2\/users\/1"}],"replies":[{"embeddable":true,"href":"https:\/\/3vinos.com\/es\/wp-json\/wp\/v2\/comments?post=6488"}],"version-history":[{"count":0,"href":"https:\/\/3vinos.com\/es\/wp-json\/wp\/v2\/pages\/6488\/revisions"}],"wp:attachment":[{"href":"https:\/\/3vinos.com\/es\/wp-json\/wp\/v2\/media?parent=6488"}],"curies":[{"name":"wp","href":"https:\/\/api.w.org\/{rel}","templated":true}]}}